{"id":70,"date":"2024-04-16T16:32:09","date_gmt":"2024-04-16T16:32:09","guid":{"rendered":"https:\/\/ezfera.net\/?page_id=70"},"modified":"2025-05-12T13:41:01","modified_gmt":"2025-05-12T13:41:01","slug":"nosotros","status":"publish","type":"page","link":"https:\/\/ezfera.net\/?page_id=70","title":{"rendered":"SOBRE NOSOTROS"},"content":{"rendered":"\n<div class=\"wp-block-group alignfull is-content-justification-left is-layout-constrained wp-container-core-group-is-layout-edb45cc0 wp-block-group-is-layout-constrained\" style=\"margin-top:0px;margin-bottom:0px;padding-top:70px;padding-right:50px;padding-bottom:100px;padding-left:50px\">\n<div class=\"wp-block-columns are-vertically-aligned-center is-layout-flex wp-container-core-columns-is-layout-28f84493 wp-block-columns-is-layout-flex\">\n<div class=\"wp-block-column is-vertically-aligned-center is-layout-flow wp-container-core-column-is-layout-a7fa7455 wp-block-column-is-layout-flow\" style=\"flex-basis:1050px\">\n<h3 class=\"wp-block-heading alignfull has-palette-color-2-color has-text-color\" style=\"font-size:clamp(30.232px, 1.89rem + ((1vw - 3.2px) * 1.779), 53px);font-style:normal;font-weight:400\"><strong>Ezfera Networks <\/strong>es una empresa originaria de <strong>Monterrey, Nuevo Le\u00f3n<\/strong><\/h3>\n<\/div>\n<\/div>\n<\/div>\n\n\n\n<div class=\"wp-block-group alignfull has-background is-layout-constrained wp-container-core-group-is-layout-6e824401 wp-block-group-is-layout-constrained\" style=\"background-color:#c6e93c;margin-top:0;margin-bottom:0\">\n<div class=\"wp-block-columns is-layout-flex wp-container-core-columns-is-layout-bb8eb260 wp-block-columns-is-layout-flex\" style=\"padding-top:70px;padding-right:20px;padding-bottom:70px;padding-left:20px\">\n<div class=\"wp-block-column is-layout-flow wp-container-core-column-is-layout-fe0e2ea3 wp-block-column-is-layout-flow\">\n<h2 class=\"wp-block-heading has-palette-color-3-color has-text-color\" style=\"font-size:clamp(16.293px, 1.018rem + ((1vw - 3.2px) * 0.68), 25px);font-style:normal;font-weight:600\"><strong>MISI\u00d3N<\/strong><\/h2>\n\n\n\n<p class=\"has-palette-color-3-color has-text-color\" style=\"font-size:clamp(14px, 0.875rem + ((1vw - 3.2px) * 0.156), 16px);\">Nuestra misi\u00f3n como empresa se gu\u00eda bajo el criterio de dar soluci\u00f3n a cada inc\u00f3gnita de nuestros clientes a trav\u00e9s de servicios web.<\/p>\n<\/div>\n\n\n\n<div class=\"wp-block-column is-layout-flow wp-container-core-column-is-layout-fe0e2ea3 wp-block-column-is-layout-flow\">\n<h2 class=\"wp-block-heading has-palette-color-3-color has-text-color\" style=\"font-size:clamp(16.293px, 1.018rem + ((1vw - 3.2px) * 0.68), 25px);font-style:normal;font-weight:600\"><strong>VISI\u00d3N<\/strong><\/h2>\n\n\n\n<p>Visionamos ser la primera opci\u00f3n en la b\u00fasqueda de soluciones web de cientos de negocios.<\/p>\n<\/div>\n\n\n\n<div class=\"wp-block-column is-layout-flow wp-container-core-column-is-layout-fe0e2ea3 wp-block-column-is-layout-flow\">\n<h2 class=\"wp-block-heading has-palette-color-3-color has-text-color\" style=\"font-size:clamp(16.293px, 1.018rem + ((1vw - 3.2px) * 0.68), 25px);font-style:normal;font-weight:600\"><strong>VALORES<\/strong><\/h2>\n\n\n\n<p class=\"has-palette-color-3-color has-text-color\" style=\"font-size:clamp(14px, 0.875rem + ((1vw - 3.2px) * 0.156), 16px);\">Creemos en la vitalidad de la confianza, seguridad y transparencia con nuestros clientes.<\/p>\n<\/div>\n<\/div>\n<\/div>\n\n\n\n<div class=\"wp-block-group alignfull has-palette-color-1-background-color has-background is-layout-constrained wp-container-core-group-is-layout-ed828056 wp-block-group-is-layout-constrained\" style=\"margin-top:0;margin-bottom:0;padding-top:47px;padding-bottom:73px\">\n<div class=\"wp-block-group alignfull is-layout-constrained wp-container-core-group-is-layout-56c63f98 wp-block-group-is-layout-constrained\" style=\"padding-top:4rem;padding-right:65px;padding-bottom:80px;padding-left:65px\">\n<div class=\"wp-block-columns alignfull is-layout-flex wp-container-core-columns-is-layout-e65c0db8 wp-block-columns-is-layout-flex\" style=\"padding-right:20px;padding-left:20px\">\n<div class=\"wp-block-column is-layout-flow wp-block-column-is-layout-flow\" style=\"flex-basis:40%\">\n<h2 class=\"wp-block-heading has-palette-color-7-color has-text-color\" style=\"font-size:clamp(26.465px, 1.654rem + ((1vw - 3.2px) * 1.448), 45px);\">About<\/h2>\n<\/div>\n\n\n\n<div class=\"wp-block-column is-layout-flow wp-container-core-column-is-layout-343acf9e wp-block-column-is-layout-flow\">\n<p class=\"has-palette-color-7-color has-text-color has-link-color wp-elements-73d671333fd4494806c676654ec5cc52\">En el a\u00f1o del 2000, dos amigos entusiastas y apasionados por la tecnolog\u00eda, Emilio Arredondo y Julio Herrera, decidieron unir sus habilidades y conocimientos para fundar una empresa de servicios web. Con una modesta oficina en sus casas, comenzaron a ofrecer dise\u00f1o web y desarrollo de aplicaciones para peque\u00f1as empresas locales. Su dedicaci\u00f3n y compromiso pronto atrajeron a clientes satisfechos, lo que les permiti\u00f3 expandirse e ir abarcando experiencia.<\/p>\n\n\n\n<p class=\"has-palette-color-7-color has-text-color has-link-color wp-elements-3d495709b176f930d178d7dd904ce80f\">A medida que el mundo digital evolucionaba r\u00e1pidamente, Emilio y Julio enfrentaron desaf\u00edos emocionantes y a veces desalentadores. En los primeros a\u00f1os, la velocidad de conexi\u00f3n a internet limitaba las capacidades de dise\u00f1o y funcionalidad de sus servicios. Sin embargo, con determinaci\u00f3n y creatividad, encontraron soluciones innovadoras y se mantuvieron al d\u00eda con las \u00faltimas tecnolog\u00edas, lo que les permiti\u00f3 seguir creciendo y adapt\u00e1ndose a las necesidades cambiantes del mercado.<\/p>\n\n\n\n<p class=\"has-palette-color-7-color has-text-color has-link-color wp-elements-00e20048476d3b5a56737d5a2d098c9b\">Con el paso del tiempo, la empresa de Emilio y Julio se consolid\u00f3 como un referente en el sector de servicios web, ampliando su cartera de clientes a nivel nacional e internacional. Enfrentaron desaf\u00edos como la burbuja de las punto com, la crisis econ\u00f3mica de 2008 y la r\u00e1pida evoluci\u00f3n de las redes sociales y dispositivos m\u00f3viles. Sin embargo, cada obst\u00e1culo fue una oportunidad para aprender y mejorar, lo que les permiti\u00f3 mantenerse competitivos y ofrecer servicios de alta calidad.<\/p>\n\n\n\n<p class=\"has-palette-color-7-color has-text-color has-link-color wp-elements-e9ad5467caea116f3d36aecd6d73f025\">Hoy, m\u00e1s de dos d\u00e9cadas despu\u00e9s de su fundaci\u00f3n, la empresa de Emilio y Julio tiene un equipo talentoso y diverso que contin\u00faa innovando y creciendo. Su historia es un testimonio de perseverancia, pasi\u00f3n por la tecnolog\u00eda y un enfoque centrado en el cliente que ha marcado el camino hacia el \u00e9xito y la excelencia en el mundo digital.<\/p>\n<\/div>\n<\/div>\n<\/div>\n<\/div>\n\n\n\n<div class=\"wp-block-group alignfull is-layout-constrained wp-block-group-is-layout-constrained\">\n<div class=\"wp-block-media-text alignfull is-stacked-on-mobile has-palette-color-3-background-color has-background\" style=\"margin-top:0;margin-bottom:0\"><figure class=\"wp-block-media-text__media\"><img fetchpriority=\"high\" decoding=\"async\" width=\"1024\" height=\"683\" src=\"https:\/\/ezfera.net\/wp-content\/uploads\/2024\/04\/pexels-cottonbro-6804613-1024x683.jpg\" alt=\"\" class=\"wp-image-236 size-full\" srcset=\"https:\/\/ezfera.net\/wp-content\/uploads\/2024\/04\/pexels-cottonbro-6804613-1024x683.jpg 1024w, https:\/\/ezfera.net\/wp-content\/uploads\/2024\/04\/pexels-cottonbro-6804613-300x200.jpg 300w, https:\/\/ezfera.net\/wp-content\/uploads\/2024\/04\/pexels-cottonbro-6804613-768x512.jpg 768w, https:\/\/ezfera.net\/wp-content\/uploads\/2024\/04\/pexels-cottonbro-6804613-1536x1024.jpg 1536w, https:\/\/ezfera.net\/wp-content\/uploads\/2024\/04\/pexels-cottonbro-6804613-2048x1365.jpg 2048w\" sizes=\"(max-width: 1024px) 100vw, 1024px\" \/><\/figure><div class=\"wp-block-media-text__content\">\n<h2 class=\"wp-block-heading has-text-align-right has-palette-color-2-color has-text-color has-link-color has-large-font-size wp-elements-0e5c57b4f23bbba838bc4258288cce51\">Siempre aprendiendo y mejorando nuestros servicios.<\/h2>\n<\/div><\/div>\n\n\n\n<div class=\"wp-block-media-text alignfull has-media-on-the-right is-stacked-on-mobile has-palette-color-3-background-color has-background\" style=\"margin-top:0;margin-bottom:0;padding-top:0px;padding-bottom:0px\"><div class=\"wp-block-media-text__content\">\n<h2 class=\"wp-block-heading has-large-font-size\">Atentos a tus necesidades y dispuestos a crear.<\/h2>\n<\/div><figure class=\"wp-block-media-text__media\"><img decoding=\"async\" width=\"612\" height=\"394\" src=\"https:\/\/ezfera.net\/wp-content\/uploads\/2024\/04\/image_2024-04-29_171852640.png\" alt=\"\" class=\"wp-image-239 size-full\" srcset=\"https:\/\/ezfera.net\/wp-content\/uploads\/2024\/04\/image_2024-04-29_171852640.png 612w, https:\/\/ezfera.net\/wp-content\/uploads\/2024\/04\/image_2024-04-29_171852640-300x193.png 300w\" sizes=\"(max-width: 612px) 100vw, 612px\" \/><\/figure><\/div>\n<\/div>\n","protected":false},"excerpt":{"rendered":"<p>Ezfera Networks es una empresa originaria de Monterrey, Nuevo Le\u00f3n MISI\u00d3N Nuestra misi\u00f3n como empresa se gu\u00eda bajo el criterio de dar soluci\u00f3n a cada inc\u00f3gnita de nuestros clientes a trav\u00e9s de servicios web. VISI\u00d3N Visionamos ser la primera opci\u00f3n en la b\u00fasqueda de soluciones web de cientos de negocios. VALORES Creemos en la vitalidad [&hellip;]<\/p>\n","protected":false},"author":1,"featured_media":0,"parent":0,"menu_order":0,"comment_status":"closed","ping_status":"closed","template":"","meta":{"footnotes":""},"class_list":["post-70","page","type-page","status-publish","hentry"],"blocksy_meta":[],"_links":{"self":[{"href":"https:\/\/ezfera.net\/index.php?rest_route=\/wp\/v2\/pages\/70","targetHints":{"allow":["GET"]}}],"collection":[{"href":"https:\/\/ezfera.net\/index.php?rest_route=\/wp\/v2\/pages"}],"about":[{"href":"https:\/\/ezfera.net\/index.php?rest_route=\/wp\/v2\/types\/page"}],"author":[{"embeddable":true,"href":"https:\/\/ezfera.net\/index.php?rest_route=\/wp\/v2\/users\/1"}],"replies":[{"embeddable":true,"href":"https:\/\/ezfera.net\/index.php?rest_route=%2Fwp%2Fv2%2Fcomments&post=70"}],"version-history":[{"count":26,"href":"https:\/\/ezfera.net\/index.php?rest_route=\/wp\/v2\/pages\/70\/revisions"}],"predecessor-version":[{"id":344,"href":"https:\/\/ezfera.net\/index.php?rest_route=\/wp\/v2\/pages\/70\/revisions\/344"}],"wp:attachment":[{"href":"https:\/\/ezfera.net\/index.php?rest_route=%2Fwp%2Fv2%2Fmedia&parent=70"}],"curies":[{"name":"wp","href":"https:\/\/api.w.org\/{rel}","templated":true}]}}