{"id":46,"date":"2024-04-16T13:55:45","date_gmt":"2024-04-16T13:55:45","guid":{"rendered":"https:\/\/ezfera.net\/?page_id=46"},"modified":"2025-05-12T15:24:36","modified_gmt":"2025-05-12T15:24:36","slug":"planes","status":"publish","type":"page","link":"https:\/\/ezfera.net\/?page_id=46","title":{"rendered":"PLANES"},"content":{"rendered":"\n<div class=\"wp-block-group alignfull has-palette-color-3-background-color has-background is-layout-constrained wp-container-core-group-is-layout-301802fe wp-block-group-is-layout-constrained\" style=\"margin-top:0;margin-bottom:0;padding-top:100px;padding-bottom:100px\">\n<h1 class=\"wp-block-heading has-text-align-center has-palette-color-2-color has-text-color has-josefin-sans-font-family\" style=\"font-size:clamp(35.641px, 2.228rem + ((1vw - 3.2px) * 2.294), 65px);font-style:normal;font-weight:500;line-height:1.1\"><strong>\u00a1Conoce nuestros planes!<\/strong><\/h1>\n\n\n\n<p class=\"has-text-align-center has-palette-color-6-color has-text-color has-josefin-sans-font-family\" style=\"padding-top:0;padding-right:0;padding-bottom:0;padding-left:0;font-size:clamp(14px, 0.875rem + ((1vw - 3.2px) * 0.313), 18px);font-style:normal;font-weight:400\">Selecciona aquel que m\u00e1s necesites y disfruta de todos los beneficios posibles dentro de tu paquete anual.<\/p>\n\n\n\n<div class=\"wp-block-group alignfull is-layout-constrained wp-container-core-group-is-layout-c67df9a5 wp-block-group-is-layout-constrained\" style=\"padding-top:30px\">\n<div class=\"wp-block-columns is-layout-flex wp-container-core-columns-is-layout-28f84493 wp-block-columns-is-layout-flex\">\n<div class=\"wp-block-column has-palette-color-6-background-color has-background is-layout-flow wp-container-core-column-is-layout-f2ee1708 wp-block-column-is-layout-flow\" style=\"border-style:none;border-width:0px;border-radius:21px;padding-top:50px;padding-right:30px;padding-bottom:50px;padding-left:30px\">\n<p class=\"has-text-align-center has-palette-color-3-color has-text-color has-josefin-sans-font-family\" style=\"font-size:clamp(14px, 0.875rem + ((1vw - 3.2px) * 0.469), 20px);font-style:normal;font-weight:400\"><strong>Plan B\u00e1sico<\/strong><\/p>\n\n\n\n<h2 class=\"wp-block-heading has-text-align-center has-palette-color-1-color has-text-color\" style=\"font-size:clamp(25.984px, 1.624rem + ((1vw - 3.2px) * 1.408), 44px);\"><sup>$<\/sup>7,000<\/h2>\n\n\n\n<p class=\"has-text-align-center\"><\/p>\n\n\n\n<p class=\"has-text-align-center has-palette-color-3-color has-text-color\" style=\"padding-bottom:25px;font-size:clamp(14px, 0.875rem + ((1vw - 3.2px) * 0.156), 16px);font-style:normal;font-weight:400\">Hosting y Dominio incluidos<\/p>\n\n\n\n<p class=\"has-text-align-center\"><\/p>\n\n\n\n<p><\/p>\n\n\n\n<div class=\"wp-block-buttons is-content-justification-center is-layout-flex wp-container-core-buttons-is-layout-a89b3969 wp-block-buttons-is-layout-flex\">\n<div class=\"wp-block-button has-custom-width wp-block-button__width-100 is-style-fill\"><a class=\"wp-block-button__link has-palette-color-3-color has-palette-color-2-background-color has-text-color has-background has-josefin-sans-font-family has-custom-font-size wp-element-button\" href=\"https:\/\/ezfera.net\/?page_id=48\" style=\"border-style:none;border-width:0px;border-radius:11px;padding-top:10px;padding-right:25px;padding-bottom:10px;padding-left:25px;font-size:clamp(14px, 0.875rem + ((1vw - 3.2px) * 0.313), 18px);\">\u00a1Esc\u00f3geme!<\/a><\/div>\n<\/div>\n\n\n\n<hr class=\"wp-block-separator has-alpha-channel-opacity\"\/>\n\n\n\n<hr class=\"wp-block-separator aligncenter has-text-color has-cyan-bluish-gray-color has-alpha-channel-opacity has-cyan-bluish-gray-background-color has-background is-style-wide\" style=\"margin-top:50px\"\/>\n\n\n\n<ul style=\"margin-top:var(--wp--preset--spacing--50);margin-right:0;margin-bottom:var(--wp--preset--spacing--50);margin-left:0;padding-top:var(--wp--preset--spacing--50);padding-right:var(--wp--preset--spacing--60);padding-bottom:var(--wp--preset--spacing--50);padding-left:var(--wp--preset--spacing--60);font-size:clamp(14px, 0.875rem + ((1vw - 3.2px) * 0.469), 20px);\" class=\"wp-block-list has-palette-color-2-background-color has-background\">\n<li class=\"has-small-font-size\" style=\"font-style:normal;font-weight:600;line-height:2.3\">Ancho de banda sin medici\u00f3n<\/li>\n\n\n\n<li class=\"has-small-font-size\" style=\"font-style:normal;font-weight:600;line-height:2.3\">Respaldos diarios<\/li>\n\n\n\n<li class=\"has-small-font-size\" style=\"font-style:normal;font-weight:600;line-height:2.3\">Dominio personalizado<\/li>\n\n\n\n<li class=\"has-small-font-size\" style=\"font-style:normal;font-weight:600;line-height:2.3\">Certificado SSL<\/li>\n\n\n\n<li class=\"has-small-font-size\" style=\"font-style:normal;font-weight:600;line-height:2.3\">Atenci\u00f3n inmediata<\/li>\n<\/ul>\n<\/div>\n\n\n\n<div class=\"wp-block-column has-palette-color-6-background-color has-background is-layout-flow wp-container-core-column-is-layout-f2ee1708 wp-block-column-is-layout-flow\" style=\"border-style:none;border-width:0px;border-radius:21px;padding-top:50px;padding-right:30px;padding-bottom:50px;padding-left:30px\">\n<p class=\"has-text-align-center has-palette-color-3-color has-text-color has-josefin-sans-font-family\" style=\"font-size:clamp(14px, 0.875rem + ((1vw - 3.2px) * 0.469), 20px);font-style:normal;font-weight:400\"><strong>Plan Avanzado<\/strong><\/p>\n\n\n\n<h2 class=\"wp-block-heading has-text-align-center has-palette-color-1-color has-text-color\" style=\"font-size:clamp(25.984px, 1.624rem + ((1vw - 3.2px) * 1.408), 44px);\"><sup>$<\/sup>12,000<\/h2>\n\n\n\n<p class=\"has-text-align-center\"><\/p>\n\n\n\n<p class=\"has-text-align-center has-palette-color-3-color has-text-color\" style=\"padding-bottom:25px;font-size:clamp(14px, 0.875rem + ((1vw - 3.2px) * 0.156), 16px);font-style:normal;font-weight:400\">Hosting, Dominio y Correo electr\u00f3nico incluidos<br><\/p>\n\n\n\n<div class=\"wp-block-buttons is-content-justification-center is-layout-flex wp-container-core-buttons-is-layout-a89b3969 wp-block-buttons-is-layout-flex\">\n<div class=\"wp-block-button has-custom-width wp-block-button__width-100 is-style-fill\"><a class=\"wp-block-button__link has-black-color has-palette-color-2-background-color has-text-color has-background has-josefin-sans-font-family has-custom-font-size wp-element-button\" href=\"https:\/\/ezfera.net\/?page_id=48\" style=\"border-radius:11px;padding-top:9px;padding-right:25px;padding-bottom:9px;padding-left:25px;font-size:clamp(14px, 0.875rem + ((1vw - 3.2px) * 0.313), 18px);font-style:normal;font-weight:400\">\u00a1Esc\u00f3geme!<\/a><\/div>\n<\/div>\n\n\n\n<hr class=\"wp-block-separator has-alpha-channel-opacity\"\/>\n\n\n\n<hr class=\"wp-block-separator aligncenter has-text-color has-cyan-bluish-gray-color has-alpha-channel-opacity has-cyan-bluish-gray-background-color has-background is-style-wide\" style=\"margin-top:50px\"\/>\n\n\n\n<ul style=\"margin-top:var(--wp--preset--spacing--50);margin-right:0;margin-bottom:var(--wp--preset--spacing--50);margin-left:0;padding-top:var(--wp--preset--spacing--50);padding-right:var(--wp--preset--spacing--60);padding-bottom:var(--wp--preset--spacing--50);padding-left:var(--wp--preset--spacing--60);font-size:clamp(14px, 0.875rem + ((1vw - 3.2px) * 0.469), 20px);\" class=\"wp-block-list has-palette-color-2-background-color has-background\">\n<li class=\"has-small-font-size\" style=\"font-style:normal;font-weight:600;line-height:2.3\">Ancho de banda sin medici\u00f3n<\/li>\n\n\n\n<li class=\"has-small-font-size\" style=\"font-style:normal;font-weight:600;line-height:2.3\">Respaldos diarios<\/li>\n\n\n\n<li class=\"has-small-font-size\" style=\"font-style:normal;font-weight:600;line-height:2.3\">Correo personalizado (23GB de almacenamiento)<\/li>\n\n\n\n<li class=\"has-small-font-size\" style=\"font-style:normal;font-weight:600;line-height:2.3\">Dominio personalizado<\/li>\n\n\n\n<li class=\"has-small-font-size\" style=\"font-style:normal;font-weight:600;line-height:2.3\">Certificado SSL<\/li>\n<\/ul>\n<\/div>\n\n\n\n<div class=\"wp-block-column has-palette-color-6-background-color has-background is-layout-flow wp-container-core-column-is-layout-f2ee1708 wp-block-column-is-layout-flow\" style=\"border-style:none;border-width:0px;border-radius:21px;padding-top:50px;padding-right:30px;padding-bottom:50px;padding-left:30px\">\n<p class=\"has-text-align-center has-palette-color-3-color has-text-color has-josefin-sans-font-family\" style=\"font-size:clamp(14px, 0.875rem + ((1vw - 3.2px) * 0.469), 20px);font-style:normal;font-weight:400\"><strong>Plan Premium<\/strong><\/p>\n\n\n\n<h2 class=\"wp-block-heading has-text-align-center has-palette-color-1-color has-text-color\" style=\"font-size:clamp(25.5px, 1.594rem + ((1vw - 3.2px) * 1.367), 43px);\"><sup>$<\/sup>20,000<\/h2>\n\n\n\n<p class=\"has-text-align-center\"><\/p>\n\n\n\n<p class=\"has-text-align-center has-palette-color-3-color has-text-color\" style=\"padding-bottom:25px;font-size:clamp(14px, 0.875rem + ((1vw - 3.2px) * 0.156), 16px);font-style:normal;font-weight:400\">Hosting, Dominio, Correo electr\u00f3nico y servicios empresariales incluidos<\/p>\n\n\n\n<div class=\"wp-block-buttons is-content-justification-center is-layout-flex wp-container-core-buttons-is-layout-a89b3969 wp-block-buttons-is-layout-flex\">\n<div class=\"wp-block-button has-custom-width wp-block-button__width-100 is-style-fill\"><a class=\"wp-block-button__link has-palette-color-3-color has-palette-color-2-background-color has-text-color has-background has-josefin-sans-font-family has-custom-font-size wp-element-button\" href=\"https:\/\/ezfera.net\/?page_id=48\" style=\"border-radius:11px;padding-top:9px;padding-right:25px;padding-bottom:9px;padding-left:25px;font-size:clamp(14px, 0.875rem + ((1vw - 3.2px) * 0.313), 18px);font-style:normal;font-weight:400\">\u00a1Esc\u00f3geme!<\/a><\/div>\n<\/div>\n\n\n\n<hr class=\"wp-block-separator has-alpha-channel-opacity\"\/>\n\n\n\n<hr class=\"wp-block-separator aligncenter has-text-color has-cyan-bluish-gray-color has-alpha-channel-opacity has-cyan-bluish-gray-background-color has-background is-style-wide\" style=\"margin-top:50px\"\/>\n\n\n\n<ul style=\"margin-top:var(--wp--preset--spacing--50);margin-right:0;margin-bottom:var(--wp--preset--spacing--50);margin-left:0;padding-top:var(--wp--preset--spacing--50);padding-right:var(--wp--preset--spacing--60);padding-bottom:var(--wp--preset--spacing--50);padding-left:var(--wp--preset--spacing--60);font-size:clamp(14px, 0.875rem + ((1vw - 3.2px) * 0.469), 20px);\" class=\"wp-block-list has-palette-color-2-background-color has-background\">\n<li class=\"has-small-font-size\" style=\"font-style:normal;font-weight:600;line-height:2.3\">Ancho de banda sin medici\u00f3n<\/li>\n\n\n\n<li class=\"has-small-font-size\" style=\"font-style:normal;font-weight:600;line-height:2.3\">Respaldos diarios<\/li>\n\n\n\n<li class=\"has-small-font-size\" style=\"font-style:normal;font-weight:600;line-height:2.3\">Correo personalizado (30GB de almacenamiento)<\/li>\n\n\n\n<li class=\"has-small-font-size\" style=\"font-style:normal;font-weight:600;line-height:2.3\">Dominio personalizado<\/li>\n\n\n\n<li class=\"has-small-font-size\" style=\"font-style:normal;font-weight:600;line-height:2.3\">Servicios empresariales<\/li>\n<\/ul>\n<\/div>\n<\/div>\n<\/div>\n<\/div>\n\n\n\n<p><\/p>\n\n\n\n<div class=\"wp-block-group alignfull has-palette-color-3-background-color has-background is-layout-constrained wp-block-group-is-layout-constrained\" style=\"margin-top:0px;margin-bottom:0px;padding-top:80px;padding-bottom:80px\">\n<div class=\"wp-block-columns is-layout-flex wp-container-core-columns-is-layout-28f84493 wp-block-columns-is-layout-flex\">\n<div class=\"wp-block-column is-layout-flow wp-container-core-column-is-layout-343acf9e wp-block-column-is-layout-flow\">\n<h2 class=\"wp-block-heading has-text-align-center has-palette-color-7-color has-text-color\" style=\"font-size:clamp(26.465px, 1.654rem + ((1vw - 3.2px) * 1.448), 45px);font-style:normal;font-weight:400\">\u00bfTienes una idea en mente?<\/h2>\n\n\n\n<p class=\"has-text-align-center has-palette-color-7-color has-text-color\" style=\"margin-top:0;margin-right:0;margin-bottom:0;margin-left:0;font-size:clamp(17.371px, 1.086rem + ((1vw - 3.2px) * 0.752), 27px);\"><em><strong>No dudes en platicarnos de tu proyecto<\/strong><\/em>&#8230;<\/p>\n\n\n\n<div class=\"wp-block-buttons is-horizontal is-content-justification-center is-layout-flex wp-container-core-buttons-is-layout-598173bd wp-block-buttons-is-layout-flex\" style=\"margin-top:40px\">\n<div class=\"wp-block-button is-style-fill\"><a class=\"wp-block-button__link has-palette-color-1-background-color has-text-color has-background has-text-align-center has-custom-font-size wp-element-button\" href=\"https:\/\/ezfera.net\/?page_id=48\" style=\"border-style:none;border-width:0px;border-radius:11px;color:#fdfdfd;padding-top:15px;padding-right:70px;padding-bottom:15px;padding-left:70px;font-size:clamp(14px, 0.875rem + ((1vw - 3.2px) * 0.313), 18px);\">\u00a1Cont\u00e1ctanos!<\/a><\/div>\n<\/div>\n<\/div>\n<\/div>\n<\/div>\n","protected":false},"excerpt":{"rendered":"<p>\u00a1Conoce nuestros planes! Selecciona aquel que m\u00e1s necesites y disfruta de todos los beneficios posibles dentro de tu paquete anual. Plan B\u00e1sico $7,000 Hosting y Dominio incluidos Plan Avanzado $12,000 Hosting, Dominio y Correo electr\u00f3nico incluidos Plan Premium $20,000 Hosting, Dominio, Correo electr\u00f3nico y servicios empresariales incluidos \u00bfTienes una idea en mente? No dudes en [&hellip;]<\/p>\n","protected":false},"author":1,"featured_media":0,"parent":0,"menu_order":0,"comment_status":"closed","ping_status":"closed","template":"","meta":{"footnotes":""},"class_list":["post-46","page","type-page","status-publish","hentry"],"blocksy_meta":[],"_links":{"self":[{"href":"https:\/\/ezfera.net\/index.php?rest_route=\/wp\/v2\/pages\/46","targetHints":{"allow":["GET"]}}],"collection":[{"href":"https:\/\/ezfera.net\/index.php?rest_route=\/wp\/v2\/pages"}],"about":[{"href":"https:\/\/ezfera.net\/index.php?rest_route=\/wp\/v2\/types\/page"}],"author":[{"embeddable":true,"href":"https:\/\/ezfera.net\/index.php?rest_route=\/wp\/v2\/users\/1"}],"replies":[{"embeddable":true,"href":"https:\/\/ezfera.net\/index.php?rest_route=%2Fwp%2Fv2%2Fcomments&post=46"}],"version-history":[{"count":15,"href":"https:\/\/ezfera.net\/index.php?rest_route=\/wp\/v2\/pages\/46\/revisions"}],"predecessor-version":[{"id":370,"href":"https:\/\/ezfera.net\/index.php?rest_route=\/wp\/v2\/pages\/46\/revisions\/370"}],"wp:attachment":[{"href":"https:\/\/ezfera.net\/index.php?rest_route=%2Fwp%2Fv2%2Fmedia&parent=46"}],"curies":[{"name":"wp","href":"https:\/\/api.w.org\/{rel}","templated":true}]}}