{"id":42,"date":"2024-04-16T13:54:54","date_gmt":"2024-04-16T13:54:54","guid":{"rendered":"https:\/\/ezfera.net\/?page_id=42"},"modified":"2024-05-06T19:22:45","modified_gmt":"2024-05-06T19:22:45","slug":"servicios","status":"publish","type":"page","link":"https:\/\/ezfera.net\/?page_id=42","title":{"rendered":"SERVICIOS"},"content":{"rendered":"\n<div class=\"wp-block-group alignfull has-palette-color-3-background-color has-background is-layout-constrained wp-container-core-group-is-layout-d6792df7 wp-block-group-is-layout-constrained\" style=\"margin-top:0px;padding-top:36px;padding-right:0;padding-bottom:36px;padding-left:0\">\n<div class=\"wp-block-columns has-black-background-color has-background is-layout-flex wp-container-core-columns-is-layout-d9330b5c wp-block-columns-is-layout-flex\" style=\"border-top-color:var(--wp--preset--color--palette-color-6);border-top-width:2px;border-right-color:var(--wp--preset--color--palette-color-6);border-right-width:2px;border-bottom-style:none;border-bottom-width:0px;border-left-color:var(--wp--preset--color--palette-color-6);border-left-width:2px;margin-top:0px;margin-bottom:0px;padding-top:22px;padding-right:58px;padding-bottom:22px;padding-left:58px\">\n<div class=\"wp-block-column is-layout-flow wp-block-column-is-layout-flow\" style=\"padding-top:var(--wp--preset--spacing--60);padding-bottom:0\">\n<h2 class=\"wp-block-heading has-palette-color-2-color has-text-color has-link-color has-x-large-font-size wp-elements-18c59cf60d1a06ea0e90e7782bd386ec\">HOSTING<\/h2>\n\n\n\n<p class=\"has-palette-color-7-color has-text-color has-link-color wp-elements-a90f80f743ceeb501b3cfe667e8bf13e\"><strong>($4,500)<\/strong><\/p>\n\n\n\n<p class=\"has-palette-color-7-color has-text-color has-link-color wp-elements-469555db9283cfa6911364bac48a855b\">El hosting es como el espacio de almacenamiento que alquilas en internet para tu sitio web. Es como tener una casa en l\u00ednea donde guardas todos los archivos y datos de tu p\u00e1gina, como im\u00e1genes, texto y videos. El hosting asegura que tu sitio est\u00e9 disponible en internet para que las personas puedan visitarlo en cualquier momento. Es como el lugar donde &#8220;vive&#8221; tu sitio web en la web.<\/p>\n\n\n\n<div class=\"wp-block-buttons is-layout-flex wp-block-buttons-is-layout-flex\">\n<div class=\"wp-block-button\"><a class=\"wp-block-button__link wp-element-button\" href=\"https:\/\/ezfera.net\/?page_id=48\">\u00a1Me interesa!<\/a><\/div>\n<\/div>\n<\/div>\n\n\n\n<div class=\"wp-block-column is-vertically-aligned-center is-layout-flow wp-container-core-column-is-layout-3d072ba8 wp-block-column-is-layout-flow\">\n<figure class=\"wp-block-image alignfull size-large\"><img fetchpriority=\"high\" decoding=\"async\" width=\"1024\" height=\"684\" src=\"https:\/\/ezfera.net\/wp-content\/uploads\/2024\/04\/pexels-lee-campbell-18167-115655-3-1024x684.jpg\" alt=\"\" class=\"wp-image-164\" srcset=\"https:\/\/ezfera.net\/wp-content\/uploads\/2024\/04\/pexels-lee-campbell-18167-115655-3-1024x684.jpg 1024w, https:\/\/ezfera.net\/wp-content\/uploads\/2024\/04\/pexels-lee-campbell-18167-115655-3-300x200.jpg 300w, https:\/\/ezfera.net\/wp-content\/uploads\/2024\/04\/pexels-lee-campbell-18167-115655-3-768x513.jpg 768w, https:\/\/ezfera.net\/wp-content\/uploads\/2024\/04\/pexels-lee-campbell-18167-115655-3-1536x1025.jpg 1536w, https:\/\/ezfera.net\/wp-content\/uploads\/2024\/04\/pexels-lee-campbell-18167-115655-3-2048x1367.jpg 2048w\" sizes=\"(max-width: 1024px) 100vw, 1024px\" \/><\/figure>\n<\/div>\n<\/div>\n\n\n\n<div class=\"wp-block-columns has-black-background-color has-background is-layout-flex wp-container-core-columns-is-layout-fd491634 wp-block-columns-is-layout-flex\" style=\"border-right-color:var(--wp--preset--color--palette-color-6);border-right-width:2px;border-bottom-color:var(--wp--preset--color--palette-color-7);border-bottom-width:2px;border-left-color:var(--wp--preset--color--palette-color-6);border-left-width:2px;padding-top:var(--wp--preset--spacing--60);padding-bottom:var(--wp--preset--spacing--60)\">\n<div class=\"wp-block-column is-layout-flow wp-block-column-is-layout-flow\" style=\"border-bottom-color:var(--wp--preset--color--black);border-bottom-width:20px\">\n<p class=\"has-palette-color-7-color has-text-color has-link-color wp-elements-a46e68eb10842cd98004e4c2a3c9f24c\" style=\"margin-right:0;margin-left:0\"><strong>ALTA CAPACIDAD<\/strong><\/p>\n\n\n\n<p class=\"has-palette-color-7-color has-text-color has-link-color wp-elements-9a2ec1d585780a9536f115a9c4972b39\">Si tu p\u00e1gina necesita guardar grandes cantidades de archivos, el hosting te puede ayudar.<\/p>\n<\/div>\n\n\n\n<div class=\"wp-block-column is-vertically-aligned-center is-layout-constrained wp-container-core-column-is-layout-be97cf07 wp-block-column-is-layout-constrained\" style=\"border-top-style:none;border-top-width:0px;border-right-style:none;border-right-width:0px;border-bottom-color:var(--wp--preset--color--black);border-bottom-width:20px;border-left-color:var(--wp--preset--color--palette-color-8);padding-top:var(--wp--preset--spacing--20);padding-right:var(--wp--preset--spacing--40);padding-bottom:var(--wp--preset--spacing--20);padding-left:var(--wp--preset--spacing--40)\">\n<p class=\"has-palette-color-7-color has-text-color has-link-color wp-elements-2e55ef9bf83c35df4d83b0764ea4070a\"><strong>PRACTICIDAD<\/strong><\/p>\n\n\n\n<p class=\"has-palette-color-7-color has-text-color has-link-color wp-elements-c7535f893bf0f502b5a9904f2c64fbbb\">No necesitas preocuparte por si la p\u00e1gina no se ve en internet, nosotros nos encargamos<\/p>\n<\/div>\n\n\n\n<div class=\"wp-block-column is-layout-flow wp-block-column-is-layout-flow\" style=\"border-left-color:var(--wp--preset--color--palette-color-7);padding-right:var(--wp--preset--spacing--50);padding-left:var(--wp--preset--spacing--50)\">\n<p class=\"has-palette-color-7-color has-text-color has-link-color wp-elements-903362fa8336fe2a35ed8c3a7b649127\"><strong>SEGURIDAD<\/strong><\/p>\n\n\n\n<p class=\"has-palette-color-7-color has-text-color has-link-color wp-elements-65d4b55b811714f4b523fcfbd10179f9\">Tus archivos e informaci\u00f3n estar\u00e1n s\u00faper protegidas.<\/p>\n<\/div>\n<\/div>\n\n\n\n<div class=\"wp-block-group alignfull is-layout-constrained wp-container-core-group-is-layout-d6792df7 wp-block-group-is-layout-constrained\" style=\"margin-top:0px;padding-top:36px;padding-right:0;padding-bottom:36px;padding-left:0\">\n<div class=\"wp-block-columns has-black-background-color has-background is-layout-flex wp-container-core-columns-is-layout-d9330b5c wp-block-columns-is-layout-flex\" style=\"border-top-color:var(--wp--preset--color--palette-color-6);border-top-width:2px;border-right-color:var(--wp--preset--color--palette-color-6);border-right-width:2px;border-bottom-style:none;border-bottom-width:0px;border-left-color:var(--wp--preset--color--palette-color-6);border-left-width:2px;margin-top:0px;margin-bottom:0px;padding-top:22px;padding-right:58px;padding-bottom:22px;padding-left:58px\">\n<div class=\"wp-block-column is-layout-flow wp-block-column-is-layout-flow\" style=\"padding-top:var(--wp--preset--spacing--60);padding-bottom:0\">\n<h2 class=\"wp-block-heading has-palette-color-2-color has-text-color has-link-color has-x-large-font-size wp-elements-3fc5a09132324efaadd8dcdd75914299\">DOMINIOS<\/h2>\n\n\n\n<p class=\"has-palette-color-7-color has-text-color has-link-color wp-elements-a90f80f743ceeb501b3cfe667e8bf13e\"><strong>($4,500)<\/strong><\/p>\n\n\n\n<p class=\"has-palette-color-7-color has-text-color has-link-color wp-elements-d66103a2d02dbeed3d14ca88d180a3ea\">El registro de dominios es el proceso mediante el cual una persona o empresa adquiere el derecho exclusivo de usar un nombre de dominio en internet, como &#8220;midominio.com&#8221; o &#8220;midominio.es&#8221;. Este registro se realiza a trav\u00e9s de empresas especializadas llamadas registradores de dominios. Al registrar un dominio, se obtiene la autoridad para controlar su uso y direccionarlo hacia un sitio web o servicio en l\u00ednea espec\u00edfico. Es como asegurar tu direcci\u00f3n en la web para que otros puedan encontrarte f\u00e1cilmente.<\/p>\n\n\n\n<p class=\"has-palette-color-7-color has-text-color has-link-color wp-elements-5dc3633c1e58246b9c37f8d6ee61c951\">No esperes a que te lo ganen, aprovecha y consigue el tuyo r\u00e1pidamente, teniendo tu p\u00e1gina a\u00fan m\u00e1s personalizada y profesional<\/p>\n\n\n\n<div class=\"wp-block-buttons is-layout-flex wp-block-buttons-is-layout-flex\">\n<div class=\"wp-block-button\"><a class=\"wp-block-button__link wp-element-button\" href=\"https:\/\/ezfera.net\/?page_id=48\">\u00a1Me interesa!<\/a><\/div>\n<\/div>\n<\/div>\n\n\n\n<div class=\"wp-block-column is-vertically-aligned-center is-layout-flow wp-container-core-column-is-layout-3d072ba8 wp-block-column-is-layout-flow\">\n<figure class=\"wp-block-image alignfull size-large\"><img fetchpriority=\"high\" decoding=\"async\" width=\"1024\" height=\"684\" src=\"https:\/\/ezfera.net\/wp-content\/uploads\/2024\/04\/pexels-lee-campbell-18167-115655-3-1024x684.jpg\" alt=\"\" class=\"wp-image-164\" srcset=\"https:\/\/ezfera.net\/wp-content\/uploads\/2024\/04\/pexels-lee-campbell-18167-115655-3-1024x684.jpg 1024w, https:\/\/ezfera.net\/wp-content\/uploads\/2024\/04\/pexels-lee-campbell-18167-115655-3-300x200.jpg 300w, https:\/\/ezfera.net\/wp-content\/uploads\/2024\/04\/pexels-lee-campbell-18167-115655-3-768x513.jpg 768w, https:\/\/ezfera.net\/wp-content\/uploads\/2024\/04\/pexels-lee-campbell-18167-115655-3-1536x1025.jpg 1536w, https:\/\/ezfera.net\/wp-content\/uploads\/2024\/04\/pexels-lee-campbell-18167-115655-3-2048x1367.jpg 2048w\" sizes=\"(max-width: 1024px) 100vw, 1024px\" \/><\/figure>\n<\/div>\n<\/div>\n\n\n\n<div class=\"wp-block-columns has-black-background-color has-background is-layout-flex wp-container-core-columns-is-layout-fd491634 wp-block-columns-is-layout-flex\" style=\"border-right-color:var(--wp--preset--color--palette-color-6);border-right-width:2px;border-bottom-color:var(--wp--preset--color--palette-color-7);border-bottom-width:2px;border-left-color:var(--wp--preset--color--palette-color-6);border-left-width:2px;padding-top:var(--wp--preset--spacing--60);padding-bottom:var(--wp--preset--spacing--60)\">\n<div class=\"wp-block-column is-layout-flow wp-block-column-is-layout-flow\" style=\"border-bottom-color:var(--wp--preset--color--black);border-bottom-width:20px\">\n<p class=\"has-palette-color-7-color has-text-color has-link-color wp-elements-72998ff1d4a815cf599b01550e63bd9f\"><strong>CONFIABILIDAD<\/strong><\/p>\n\n\n\n<p class=\"has-palette-color-7-color has-text-color has-link-color wp-elements-52f5d7698d9a8b7e28081d1eaad30ffb\">Si tu URL de tu sitio web tiene tu nombre de tu negocio completo luce m\u00e1s confiable.<\/p>\n<\/div>\n\n\n\n<div class=\"wp-block-column is-vertically-aligned-center is-layout-constrained wp-container-core-column-is-layout-be97cf07 wp-block-column-is-layout-constrained\" style=\"border-top-style:none;border-top-width:0px;border-right-style:none;border-right-width:0px;border-bottom-color:var(--wp--preset--color--black);border-bottom-width:20px;border-left-color:var(--wp--preset--color--palette-color-8);padding-top:var(--wp--preset--spacing--20);padding-right:var(--wp--preset--spacing--40);padding-bottom:var(--wp--preset--spacing--20);padding-left:var(--wp--preset--spacing--40)\">\n<p class=\"has-palette-color-7-color has-text-color has-link-color wp-elements-febebabce4c00a310cc824516d84f23f\"><strong><strong>PERSONALIZACI\u00d3N<\/strong><\/strong><\/p>\n\n\n\n<p class=\"has-palette-color-7-color has-text-color has-link-color wp-elements-45be1ccc0d4e2150ef5e79977a708237\">El hecho de contar con un dominio con tu nombre de marca le da mayor personalidad y destaca m\u00e1s a esta de entre otras.<\/p>\n<\/div>\n\n\n\n<div class=\"wp-block-column is-layout-flow wp-block-column-is-layout-flow\" style=\"border-left-color:var(--wp--preset--color--palette-color-7);padding-right:var(--wp--preset--spacing--50);padding-left:var(--wp--preset--spacing--50)\">\n<p class=\"has-palette-color-7-color has-text-color has-link-color wp-elements-c9e3a4cc0170d69861d167d29f0dcba2\"><strong><strong>PROFESIONALIDAD<\/strong><\/strong><\/p>\n\n\n\n<p class=\"has-palette-color-7-color has-text-color has-link-color wp-elements-d5db08c52d81d9ea108115d3d05074c5\">Si tu negocio tiene su propio dominio lo hace ver m\u00e1s profesional.<\/p>\n<\/div>\n<\/div>\n\n\n\n<div class=\"wp-block-group alignfull is-layout-constrained wp-container-core-group-is-layout-d6792df7 wp-block-group-is-layout-constrained\" style=\"margin-top:0px;padding-top:36px;padding-right:0;padding-bottom:36px;padding-left:0\">\n<div class=\"wp-block-columns has-black-background-color has-background is-layout-flex wp-container-core-columns-is-layout-d9330b5c wp-block-columns-is-layout-flex\" style=\"border-top-color:var(--wp--preset--color--palette-color-6);border-top-width:2px;border-right-color:var(--wp--preset--color--palette-color-6);border-right-width:2px;border-bottom-style:none;border-bottom-width:0px;border-left-color:var(--wp--preset--color--palette-color-6);border-left-width:2px;margin-top:0px;margin-bottom:0px;padding-top:22px;padding-right:58px;padding-bottom:22px;padding-left:58px\">\n<div class=\"wp-block-column is-layout-flow wp-block-column-is-layout-flow\" style=\"padding-top:var(--wp--preset--spacing--60);padding-bottom:0\">\n<h2 class=\"wp-block-heading has-palette-color-2-color has-text-color has-link-color has-x-large-font-size wp-elements-53c99e7454d22acea5db564f2fdd9755\" style=\"letter-spacing:-3px\">SERVICIOS EMPRESARIALES<\/h2>\n\n\n\n<p class=\"has-palette-color-7-color has-text-color has-link-color wp-elements-49de3e7d94aca3938ed473bfca8e3154\">Los servicios empresariales son soluciones especializadas dise\u00f1adas para ayudar a las empresas a operar de manera m\u00e1s eficiente y efectiva. Estos servicios pueden incluir desde herramientas de gesti\u00f3n y software personalizado hasta consultor\u00eda y asesoramiento profesional en \u00e1reas como finanzas, recursos humanos y marketing. En resumen, los servicios empresariales son recursos y apoyo que las empresas utilizan para mejorar su rendimiento y alcanzar sus objetivos comerciales.<\/p>\n\n\n\n<p class=\"has-palette-color-7-color has-text-color has-link-color wp-elements-060e90b7fabe2719ce654eccf4857485\">Este tipo de servicios los hacemos a trav\u00e9s de soluciones web donde vemos posibles recursos que resuelvan problem\u00e1ticas que tenga el cliente y vislumbramos como podemos dar las mejores respuestas.<\/p>\n\n\n\n<div class=\"wp-block-buttons is-layout-flex wp-block-buttons-is-layout-flex\">\n<div class=\"wp-block-button\"><a class=\"wp-block-button__link wp-element-button\" href=\"https:\/\/ezfera.net\/?page_id=48\">\u00a1Me interesa!<\/a><\/div>\n<\/div>\n<\/div>\n\n\n\n<div class=\"wp-block-column is-vertically-aligned-center is-layout-flow wp-container-core-column-is-layout-3d072ba8 wp-block-column-is-layout-flow\">\n<figure class=\"wp-block-image alignfull size-large\"><img fetchpriority=\"high\" decoding=\"async\" width=\"1024\" height=\"684\" src=\"https:\/\/ezfera.net\/wp-content\/uploads\/2024\/04\/pexels-lee-campbell-18167-115655-3-1024x684.jpg\" alt=\"\" class=\"wp-image-164\" srcset=\"https:\/\/ezfera.net\/wp-content\/uploads\/2024\/04\/pexels-lee-campbell-18167-115655-3-1024x684.jpg 1024w, https:\/\/ezfera.net\/wp-content\/uploads\/2024\/04\/pexels-lee-campbell-18167-115655-3-300x200.jpg 300w, https:\/\/ezfera.net\/wp-content\/uploads\/2024\/04\/pexels-lee-campbell-18167-115655-3-768x513.jpg 768w, https:\/\/ezfera.net\/wp-content\/uploads\/2024\/04\/pexels-lee-campbell-18167-115655-3-1536x1025.jpg 1536w, https:\/\/ezfera.net\/wp-content\/uploads\/2024\/04\/pexels-lee-campbell-18167-115655-3-2048x1367.jpg 2048w\" sizes=\"(max-width: 1024px) 100vw, 1024px\" \/><\/figure>\n<\/div>\n<\/div>\n\n\n\n<div class=\"wp-block-columns has-black-background-color has-background is-layout-flex wp-container-core-columns-is-layout-fd491634 wp-block-columns-is-layout-flex\" style=\"border-right-color:var(--wp--preset--color--palette-color-6);border-right-width:2px;border-bottom-color:var(--wp--preset--color--palette-color-7);border-bottom-width:2px;border-left-color:var(--wp--preset--color--palette-color-6);border-left-width:2px;padding-top:var(--wp--preset--spacing--60);padding-bottom:var(--wp--preset--spacing--60)\">\n<div class=\"wp-block-column is-layout-flow wp-block-column-is-layout-flow\" style=\"border-bottom-color:var(--wp--preset--color--black);border-bottom-width:20px\">\n<p class=\"has-palette-color-7-color has-text-color has-link-color wp-elements-0ad9e8cd4d407f9c2b623037fd884565\" style=\"margin-right:0;margin-left:0\"><strong><strong>EFICIENCIA<\/strong><\/strong><\/p>\n\n\n\n<p class=\"has-palette-color-7-color has-text-color has-link-color wp-elements-0a6422aa57c630838a128f4d05093849\">Buenos resultados en tiempo y forma para lo que se necesite.<\/p>\n<\/div>\n\n\n\n<div class=\"wp-block-column is-vertically-aligned-center is-layout-constrained wp-container-core-column-is-layout-be97cf07 wp-block-column-is-layout-constrained\" style=\"border-top-style:none;border-top-width:0px;border-right-style:none;border-right-width:0px;border-bottom-color:var(--wp--preset--color--black);border-bottom-width:20px;border-left-color:var(--wp--preset--color--palette-color-8);padding-top:var(--wp--preset--spacing--20);padding-right:var(--wp--preset--spacing--40);padding-bottom:var(--wp--preset--spacing--20);padding-left:var(--wp--preset--spacing--40)\">\n<p class=\"has-palette-color-7-color has-text-color has-link-color wp-elements-f6e81ff41848c00a0bafc76f48c8edcb\"><strong><strong>SOLUCIONES<\/strong><\/strong><\/p>\n\n\n\n<p class=\"has-palette-color-7-color has-text-color has-link-color wp-elements-83002447be6e88795fb1975e5101c09d\">Brindamos opciones que podr\u00edan dar respuesta a tu problema.<\/p>\n<\/div>\n\n\n\n<div class=\"wp-block-column is-layout-flow wp-block-column-is-layout-flow\" style=\"border-left-color:var(--wp--preset--color--palette-color-7);padding-right:var(--wp--preset--spacing--50);padding-left:var(--wp--preset--spacing--50)\">\n<p class=\"has-palette-color-7-color has-text-color has-link-color wp-elements-febebabce4c00a310cc824516d84f23f\"><strong><strong>PERSONALIZACI\u00d3N<\/strong><\/strong><\/p>\n\n\n\n<p class=\"has-palette-color-7-color has-text-color has-link-color wp-elements-e9d53a082c08dbbca20c5250852f4818\">Analizamos tu caso de manera especial para brindar el mejor trato y satisfacci\u00f3n.<\/p>\n<\/div>\n<\/div>\n\n\n\n<div class=\"wp-block-group alignfull is-layout-constrained wp-container-core-group-is-layout-d6792df7 wp-block-group-is-layout-constrained\" style=\"margin-top:0px;padding-top:36px;padding-right:0;padding-bottom:36px;padding-left:0\">\n<div class=\"wp-block-columns has-black-background-color has-background is-layout-flex wp-container-core-columns-is-layout-d9330b5c wp-block-columns-is-layout-flex\" style=\"border-top-color:var(--wp--preset--color--palette-color-6);border-top-width:2px;border-right-color:var(--wp--preset--color--palette-color-6);border-right-width:2px;border-bottom-style:none;border-bottom-width:0px;border-left-color:var(--wp--preset--color--palette-color-6);border-left-width:2px;margin-top:0px;margin-bottom:0px;padding-top:22px;padding-right:58px;padding-bottom:22px;padding-left:58px\">\n<div class=\"wp-block-column is-layout-flow wp-block-column-is-layout-flow\" style=\"padding-top:var(--wp--preset--spacing--60);padding-bottom:0\">\n<h2 class=\"wp-block-heading has-palette-color-2-color has-text-color has-link-color has-x-large-font-size wp-elements-f6290fa6b79a5519a5676127fd3dea3a\">CORREO ELECTR\u00d3NICO<\/h2>\n\n\n\n<p class=\"has-palette-color-7-color has-text-color has-link-color wp-elements-318ded5cc5146f97bf1fccebd99885e7\">Los correos corporativos son direcciones de correo electr\u00f3nico personalizadas que utilizan las empresas para comunicarse de manera profesional tanto interna como externamente. En lugar de utilizar servicios de correo electr\u00f3nico gen\u00e9ricos como Gmail o Yahoo, los correos corporativos utilizan el nombre de dominio de la empresa en la direcci\u00f3n de correo electr\u00f3nico, como &#8220;tunombre@tudominio.com&#8221;.<\/p>\n\n\n\n<p class=\"has-palette-color-7-color has-text-color has-link-color wp-elements-90c097248c59fd6b1c102658af391127\">Esto ayuda a establecer una imagen m\u00e1s s\u00f3lida y confiable para la empresa, adem\u00e1s de brindar un mayor control sobre la comunicaci\u00f3n y la seguridad de los mensajes electr\u00f3nicos compartidos entre los departamentos de la misma.<\/p>\n\n\n\n<div class=\"wp-block-buttons is-layout-flex wp-block-buttons-is-layout-flex\">\n<div class=\"wp-block-button\"><a class=\"wp-block-button__link wp-element-button\" href=\"https:\/\/ezfera.net\/?page_id=48\">\u00a1Me interesa!<\/a><\/div>\n<\/div>\n<\/div>\n\n\n\n<div class=\"wp-block-column is-vertically-aligned-center is-layout-flow wp-container-core-column-is-layout-3d072ba8 wp-block-column-is-layout-flow\">\n<figure class=\"wp-block-image alignfull size-large\"><img fetchpriority=\"high\" decoding=\"async\" width=\"1024\" height=\"684\" src=\"https:\/\/ezfera.net\/wp-content\/uploads\/2024\/04\/pexels-lee-campbell-18167-115655-3-1024x684.jpg\" alt=\"\" class=\"wp-image-164\" srcset=\"https:\/\/ezfera.net\/wp-content\/uploads\/2024\/04\/pexels-lee-campbell-18167-115655-3-1024x684.jpg 1024w, https:\/\/ezfera.net\/wp-content\/uploads\/2024\/04\/pexels-lee-campbell-18167-115655-3-300x200.jpg 300w, https:\/\/ezfera.net\/wp-content\/uploads\/2024\/04\/pexels-lee-campbell-18167-115655-3-768x513.jpg 768w, https:\/\/ezfera.net\/wp-content\/uploads\/2024\/04\/pexels-lee-campbell-18167-115655-3-1536x1025.jpg 1536w, https:\/\/ezfera.net\/wp-content\/uploads\/2024\/04\/pexels-lee-campbell-18167-115655-3-2048x1367.jpg 2048w\" sizes=\"(max-width: 1024px) 100vw, 1024px\" \/><\/figure>\n<\/div>\n<\/div>\n\n\n\n<div class=\"wp-block-columns has-black-background-color has-background is-layout-flex wp-container-core-columns-is-layout-fd491634 wp-block-columns-is-layout-flex\" style=\"border-right-color:var(--wp--preset--color--palette-color-6);border-right-width:2px;border-bottom-color:var(--wp--preset--color--palette-color-7);border-bottom-width:2px;border-left-color:var(--wp--preset--color--palette-color-6);border-left-width:2px;padding-top:var(--wp--preset--spacing--60);padding-bottom:var(--wp--preset--spacing--60)\">\n<div class=\"wp-block-column is-layout-flow wp-block-column-is-layout-flow\" style=\"border-bottom-color:var(--wp--preset--color--black);border-bottom-width:20px\">\n<p class=\"has-palette-color-7-color has-text-color has-link-color wp-elements-0ad9e8cd4d407f9c2b623037fd884565\" style=\"margin-right:0;margin-left:0\"><strong><strong>EFICIENCIA<\/strong><\/strong><\/p>\n\n\n\n<p class=\"has-palette-color-7-color has-text-color has-link-color wp-elements-0a6422aa57c630838a128f4d05093849\">Buenos resultados en tiempo y forma para lo que se necesite.<\/p>\n<\/div>\n\n\n\n<div class=\"wp-block-column is-vertically-aligned-center is-layout-constrained wp-container-core-column-is-layout-be97cf07 wp-block-column-is-layout-constrained\" style=\"border-top-style:none;border-top-width:0px;border-right-style:none;border-right-width:0px;border-bottom-color:var(--wp--preset--color--black);border-bottom-width:20px;border-left-color:var(--wp--preset--color--palette-color-8);padding-top:var(--wp--preset--spacing--20);padding-right:var(--wp--preset--spacing--40);padding-bottom:var(--wp--preset--spacing--20);padding-left:var(--wp--preset--spacing--40)\">\n<p class=\"has-palette-color-7-color has-text-color has-link-color wp-elements-f6e81ff41848c00a0bafc76f48c8edcb\"><strong><strong>SOLUCIONES<\/strong><\/strong><\/p>\n\n\n\n<p class=\"has-palette-color-7-color has-text-color has-link-color wp-elements-83002447be6e88795fb1975e5101c09d\">Brindamos opciones que podr\u00edan dar respuesta a tu problema.<\/p>\n<\/div>\n\n\n\n<div class=\"wp-block-column is-layout-flow wp-block-column-is-layout-flow\" style=\"border-left-color:var(--wp--preset--color--palette-color-7);padding-right:var(--wp--preset--spacing--50);padding-left:var(--wp--preset--spacing--50)\">\n<p class=\"has-palette-color-7-color has-text-color has-link-color wp-elements-febebabce4c00a310cc824516d84f23f\"><strong><strong>PERSONALIZACI\u00d3N<\/strong><\/strong><\/p>\n\n\n\n<p class=\"has-palette-color-7-color has-text-color has-link-color wp-elements-e9d53a082c08dbbca20c5250852f4818\">Analizamos tu caso de manera especial para brindar el mejor trato y satisfacci\u00f3n.<\/p>\n<\/div>\n<\/div>\n<\/div>\n<\/div>\n<\/div>\n\n\n\n<p><\/p>\n<\/div>\n","protected":false},"excerpt":{"rendered":"<p>HOSTING ($4,500) El hosting es como el espacio de almacenamiento que alquilas en internet para tu sitio web. Es como tener una casa en l\u00ednea donde guardas todos los archivos y datos de tu p\u00e1gina, como im\u00e1genes, texto y videos. El hosting asegura que tu sitio est\u00e9 disponible en internet para que las personas puedan [&hellip;]<\/p>\n","protected":false},"author":1,"featured_media":0,"parent":0,"menu_order":0,"comment_status":"closed","ping_status":"closed","template":"","meta":{"footnotes":""},"class_list":["post-42","page","type-page","status-publish","hentry"],"blocksy_meta":[],"_links":{"self":[{"href":"https:\/\/ezfera.net\/index.php?rest_route=\/wp\/v2\/pages\/42","targetHints":{"allow":["GET"]}}],"collection":[{"href":"https:\/\/ezfera.net\/index.php?rest_route=\/wp\/v2\/pages"}],"about":[{"href":"https:\/\/ezfera.net\/index.php?rest_route=\/wp\/v2\/types\/page"}],"author":[{"embeddable":true,"href":"https:\/\/ezfera.net\/index.php?rest_route=\/wp\/v2\/users\/1"}],"replies":[{"embeddable":true,"href":"https:\/\/ezfera.net\/index.php?rest_route=%2Fwp%2Fv2%2Fcomments&post=42"}],"version-history":[{"count":15,"href":"https:\/\/ezfera.net\/index.php?rest_route=\/wp\/v2\/pages\/42\/revisions"}],"predecessor-version":[{"id":256,"href":"https:\/\/ezfera.net\/index.php?rest_route=\/wp\/v2\/pages\/42\/revisions\/256"}],"wp:attachment":[{"href":"https:\/\/ezfera.net\/index.php?rest_route=%2Fwp%2Fv2%2Fmedia&parent=42"}],"curies":[{"name":"wp","href":"https:\/\/api.w.org\/{rel}","templated":true}]}}